{"id":8,"date":"2024-12-04T10:28:55","date_gmt":"2024-12-04T10:28:55","guid":{"rendered":"https:\/\/www.brics-shop.online\/?page_id=8"},"modified":"2024-12-04T10:28:55","modified_gmt":"2024-12-04T10:28:55","slug":"my-account","status":"publish","type":"page","link":"https:\/\/www.brics-shop.online\/?page_id=8","title":{"rendered":"My account"},"content":{"rendered":"<div class=\"woocommerce\"><div class=\"woocommerce-notices-wrapper\"><\/div>\n\n<div class=\"u-columns col2-set\" id=\"customer_login\">\n\n\t<div class=\"u-column1 col-1\">\n\n\n\t\t<h2>Prihl\u00e1senie<\/h2>\n\n\t\t<form class=\"woocommerce-form woocommerce-form-login login\" method=\"post\">\n\n\t\t\t\n\t\t\t<p class=\"woocommerce-form-row woocommerce-form-row--wide form-row form-row-wide\">\n\t\t\t\t<label for=\"username\">Pou\u017e\u00edvate\u013esk\u00e9 meno alebo e-mailov\u00e1 adresa&nbsp;<span class=\"required\" aria-hidden=\"true\">*<\/span><span class=\"screen-reader-text\">Povinn\u00e9<\/span><\/label>\n\t\t\t\t<input type=\"text\" class=\"woocommerce-Input woocommerce-Input--text input-text\" name=\"username\" id=\"username\" autocomplete=\"username\" value=\"\" required aria-required=\"true\" \/>\t\t\t<\/p>\n\t\t\t<p class=\"woocommerce-form-row woocommerce-form-row--wide form-row form-row-wide\">\n\t\t\t\t<label for=\"password\">Heslo&nbsp;<span class=\"required\" aria-hidden=\"true\">*<\/span><span class=\"screen-reader-text\">Povinn\u00e9<\/span><\/label>\n\t\t\t\t<input class=\"woocommerce-Input woocommerce-Input--text input-text\" type=\"password\" name=\"password\" id=\"password\" autocomplete=\"current-password\" required aria-required=\"true\" \/>\n\t\t\t<\/p>\n\n\t\t\t\n\t\t\t<p class=\"form-row\">\n\t\t\t\t<label class=\"woocommerce-form__label woocommerce-form__label-for-checkbox woocommerce-form-login__rememberme\">\n\t\t\t\t\t<input class=\"woocommerce-form__input woocommerce-form__input-checkbox\" name=\"rememberme\" type=\"checkbox\" id=\"rememberme\" value=\"forever\" \/> <span>Zapam\u00e4ta\u0165 si ma<\/span>\n\t\t\t\t<\/label>\n\t\t\t\t<input type=\"hidden\" id=\"woocommerce-login-nonce\" name=\"woocommerce-login-nonce\" value=\"55a1c4776c\" \/><input type=\"hidden\" name=\"_wp_http_referer\" value=\"\/index.php?rest_route=%2Fwp%2Fv2%2Fpages%2F8\" \/>\t\t\t\t<button type=\"submit\" class=\"woocommerce-button button woocommerce-form-login__submit\" name=\"login\" value=\"Prihl\u00e1si\u0165\">Prihl\u00e1si\u0165<\/button>\n\t\t\t<\/p>\n\t\t\t<p class=\"woocommerce-LostPassword lost_password\">\n\t\t\t\t<a href=\"https:\/\/www.brics-shop.online\/?page_id=8&#038;lost-password\">Zabudli ste heslo?<\/a>\n\t\t\t<\/p>\n\n\t\t\t\n\t\t<\/form>\n\n\n\t<\/div>\n\n\t<div class=\"u-column2 col-2\">\n\n\t\t<h2>Registrova\u0165 sa<\/h2>\n\n\t\t<form method=\"post\" class=\"woocommerce-form woocommerce-form-register register\"  >\n\n\t\t\t\n\t\t\t\n\t\t\t<p class=\"woocommerce-form-row woocommerce-form-row--wide form-row form-row-wide\">\n\t\t\t\t<label for=\"reg_email\">E-mailov\u00e1 adresa&nbsp;<span class=\"required\" aria-hidden=\"true\">*<\/span><span class=\"screen-reader-text\">Povinn\u00e9<\/span><\/label>\n\t\t\t\t<input type=\"email\" class=\"woocommerce-Input woocommerce-Input--text input-text\" name=\"email\" id=\"reg_email\" autocomplete=\"email\" value=\"\" required aria-required=\"true\" \/>\t\t\t<\/p>\n\n\t\t\t\n\t\t\t\t<p>Odkaz na nastavenie nov\u00e9ho hesla bude odoslan\u00fd na v\u00e1\u0161 email.<\/p>\n\n\t\t\t\n\t\t\t<wc-order-attribution-inputs><\/wc-order-attribution-inputs><div class=\"woocommerce-privacy-policy-text\"><p>Po\u010das n\u00e1kupu v na\u0161om  Brics Shop o v\u00e1s zhroma\u017e\u010fujeme inform\u00e1cie.<\/p>\n<p>\u010co zhroma\u017e\u010fujeme a uchov\u00e1vame<br \/>\nPo\u010das va\u0161ej n\u00e1v\u0161tevy na na\u0161ich webov\u00fdch str\u00e1nkach budeme zaznamen\u00e1va\u0165:<\/p>\n<p>Produkty ktor\u00e9 ste si prezerali: tento \u00fadaj je pou\u017e\u00edvan\u00fd napr. na zobrazenie naposledy viden\u00fdch produktov<br \/>\nPoloha, IP adresa a typ prehliada\u010da: toto pou\u017eijeme na \u00fa\u010dely ako v\u00fdpo\u010det dan\u00ed \u010di po\u0161tovn\u00e9ho<br \/>\nAdresa doru\u010denia: tento \u00fadaj je pou\u017e\u00edvan\u00fd napr. na kalkul\u00e1ciu po\u0161tovn\u00e9ho pred zadan\u00edm a odoslan\u00edm objedn\u00e1vky!<br \/>\nCookies budeme pou\u017e\u00edva\u0165 aj na sledovanie obsahu ko\u0161\u00edka, zatia\u013e \u010do budete prech\u00e1da\u0165 na\u0161u webov\u00fa str\u00e1nku<\/p>\n<p>Ke\u010f u n\u00e1s nak\u00fapite, po\u017eiadame v\u00e1s o poskytnutie inform\u00e1ci\u00ed vr\u00e1tane v\u00e1\u0161ho mena, faktura\u010dnej adresy, dodacej adresy, e-mailovej adresy, telef\u00f3nneho \u010d\u00edsla, \u00fadajov o kreditnej karte\/platbe a volite\u013en\u00fdch inform\u00e1ci\u00ed o \u00fa\u010dte ako pou\u017e\u00edvate\u013esk\u00e9ho mena a hesla. Tieto inform\u00e1cie pou\u017eijeme na \u00fa\u010dely, ako napr\u00edklad:<\/p>\n<p>Zasielanie inform\u00e1ci\u00ed o va\u0161om \u00fa\u010dte a objedn\u00e1vke.<br \/>\nOdpovedanie na va\u0161e po\u017eiadavky, vr\u00e1tane refund\u00e1ci\u00ed a s\u0165a\u017enost\u00ed<br \/>\nSpracovanie platieb a ochrana pred podvodom<br \/>\nNastavte svoj \u00fa\u010det pre n\u00e1\u0161 obchod<br \/>\nDodr\u017eiavame v\u0161etky z\u00e1konn\u00e9 povinnosti, ktor\u00e9 m\u00e1me. Napr\u00edklad v\u00fdpo\u010det dan\u00ed.<br \/>\nPom\u00f4\u017ete n\u00e1m zlep\u0161\u00ed\u0165 na\u0161u ponuku<br \/>\nPo\u0161leme v\u00e1m marketingov\u00e9 ozn\u00e1menia, ak sa rozhodnete pre ich odber<br \/>\nAk si vytvor\u00edte \u00fa\u010det, ulo\u017e\u00edme va\u0161e meno, adresu, e-mail a telef\u00f3nne \u010d\u00edslo, ktor\u00e9 bud\u00fa pou\u017eit\u00e9 na vyplnenie \u00fadajov v pokladni pri va\u0161ich objedn\u00e1vkach.<\/p>\n<p>V\u0161eobecne uchov\u00e1vame inform\u00e1cie o v\u00e1s tak dlho, k\u00fdm potrebujeme tieto inform\u00e1cie na \u00fa\u010dely, na ktor\u00e9 ich zhroma\u017e\u010fujeme a pou\u017e\u00edvame alebo m\u00e1me z\u00e1konn\u00fa povinnos\u0165, aby sme ich aj na\u010falej uchov\u00e1vali. Napr\u00edklad, inform\u00e1cie o objedn\u00e1vke budeme uchov\u00e1va\u0165 po dobu XXX rokov na da\u0148ov\u00e9 a \u00fa\u010dtovn\u00e9 \u00fa\u010dely. Toto zah\u0155\u0148a va\u0161e meno, e-mailov\u00fa adresu a faktura\u010dn\u00e9 a dodacie adresy.<\/p>\n<p>Ulo\u017e\u00edme taktie\u017e koment\u00e1re alebo hodnotenia, ak ich sa rozhodnete zanecha\u0165.<\/p>\n<p>Kto v na\u0161om t\u00edme m\u00e1 pr\u00edstup<br \/>\n\u010clenovia n\u00e1\u0161ho t\u00edmu maj\u00fa pr\u00edstup k inform\u00e1ci\u00e1m, ktor\u00e9 n\u00e1m poskytnete. Napr\u00edklad administr\u00e1tori aj spr\u00e1vcovia obchodov maj\u00fa pr\u00edstup:<\/p>\n<p>Inform\u00e1cie o objedn\u00e1vke ako, \u010do bolo zak\u00fapen\u00e9, kedy, kde sa m\u00e1 odosla\u0165, a<br \/>\nInform\u00e1cie o z\u00e1kazn\u00edkovi, ako je va\u0161e meno, e-mailov\u00e1 adresa a inform\u00e1cie o faktur\u00e1cii a dodan\u00ed.<br \/>\n\u010clenovia n\u00e1\u0161ho t\u00edmu maj\u00fa pr\u00edstup k t\u00fdmto inform\u00e1ci\u00e1m, ktor\u00e9 pom\u00e1haj\u00fa spracov\u00e1va\u0165 objedn\u00e1vky, reklam\u00e1cie a venova\u0165 sa va\u0161im ot\u00e1zkam.<\/p>\n<p>\u010co zdielame s ostatn\u00fdmi<br \/>\nTieto inform\u00e1cie bud\u00fa zdielan\u00e9 s tret\u00edmi stranami, ktor\u00e9 n\u00e1m pom\u00e1haj\u00fa pri vykon\u00e1van\u00ed na\u0161ich slu\u017eieb vo vz\u0165ahu k V\u00e1m, napr--<\/p>\n<p>Platby<br \/>\nPrij\u00edmame platby prostredn\u00edctvom slu\u017eby WooPayments. Pri spracov\u00e1van\u00ed platieb sa niektor\u00e9 va\u0161e \u00fadaje odo\u0161l\u00fa do slu\u017eby WooPayments vr\u00e1tane inform\u00e1ci\u00ed, ktor\u00e9 s\u00fa potrebn\u00e9 na spracovanie alebo podporu platby, ako je celkov\u00e1 suma n\u00e1kupu a faktura\u010dn\u00e9 \u00fadaje.<\/p>\n<p>Viac podrobnost\u00ed n\u00e1jdete v Pravidl\u00e1ch ochrany osobn\u00fdch \u00fadajov slu\u017eby WooPayments.<\/p>\n<\/div>\n\t\t\t<p class=\"woocommerce-form-row form-row\">\n\t\t\t\t<input type=\"hidden\" id=\"woocommerce-register-nonce\" name=\"woocommerce-register-nonce\" value=\"4a4c199009\" \/><input type=\"hidden\" name=\"_wp_http_referer\" value=\"\/index.php?rest_route=%2Fwp%2Fv2%2Fpages%2F8\" \/>\t\t\t\t<button type=\"submit\" class=\"woocommerce-Button woocommerce-button button woocommerce-form-register__submit\" name=\"register\" value=\"Registrova\u0165 sa\">Registrova\u0165 sa<\/button>\n\t\t\t<\/p>\n\n\t\t\t\n\t\t<\/form>\n\n\t<\/div>\n\n<\/div>\n\n<\/div>","protected":false},"excerpt":{"rendered":"","protected":false},"author":1,"featured_media":0,"parent":0,"menu_order":0,"comment_status":"closed","ping_status":"closed","template":"","meta":{"footnotes":""},"class_list":["post-8","page","type-page","status-publish","hentry"],"_links":{"self":[{"href":"https:\/\/www.brics-shop.online\/index.php?rest_route=\/wp\/v2\/pages\/8","targetHints":{"allow":["GET"]}}],"collection":[{"href":"https:\/\/www.brics-shop.online\/index.php?rest_route=\/wp\/v2\/pages"}],"about":[{"href":"https:\/\/www.brics-shop.online\/index.php?rest_route=\/wp\/v2\/types\/page"}],"author":[{"embeddable":true,"href":"https:\/\/www.brics-shop.online\/index.php?rest_route=\/wp\/v2\/users\/1"}],"replies":[{"embeddable":true,"href":"https:\/\/www.brics-shop.online\/index.php?rest_route=%2Fwp%2Fv2%2Fcomments&post=8"}],"version-history":[{"count":0,"href":"https:\/\/www.brics-shop.online\/index.php?rest_route=\/wp\/v2\/pages\/8\/revisions"}],"wp:attachment":[{"href":"https:\/\/www.brics-shop.online\/index.php?rest_route=%2Fwp%2Fv2%2Fmedia&parent=8"}],"curies":[{"name":"wp","href":"https:\/\/api.w.org\/{rel}","templated":true}]}}