{"id":205,"date":"2024-12-06T17:53:01","date_gmt":"2024-12-06T17:53:01","guid":{"rendered":"https:\/\/www.brics-shop.online\/?post_type=product&#038;p=205"},"modified":"2024-12-06T20:05:22","modified_gmt":"2024-12-06T20:05:22","slug":"tricko-diferend-xxxl","status":"publish","type":"product","link":"https:\/\/www.brics-shop.online\/?product=tricko-diferend-xxxl","title":{"rendered":"Tri\u010dko DiferenD \/ XXXL"},"content":{"rendered":"<p>Ak z\u00e1sielka bude obsahova\u0165 produkt s potla\u010dou logom DiferenD pribal\u00edme v\u00e1m CD DiferenD <span style=\"color: #ff0000;\">zdarma<\/span> v z\u00e1sielke.<\/p>\n","protected":false},"excerpt":{"rendered":"<p>\u010cierne 100% bavlnen\u00e9 tri\u010dko s potla\u010dou logom DiferenD, le\u017e\u00e9rne tri\u010dko s kr\u00e1tkym ruk\u00e1vom a okr\u00fahlym v\u00fdstrihom.<\/p>\n","protected":false},"featured_media":91,"comment_status":"open","ping_status":"closed","template":"","meta":[],"product_cat":[30],"product_tag":[33],"class_list":{"0":"post-205","1":"product","2":"type-product","3":"status-publish","4":"has-post-thumbnail","6":"product_cat-diferend-merch","7":"product_tag-cierna","9":"first","10":"instock","11":"shipping-taxable","12":"purchasable","13":"product-type-simple"},"_links":{"self":[{"href":"https:\/\/www.brics-shop.online\/index.php?rest_route=\/wp\/v2\/product\/205","targetHints":{"allow":["GET"]}}],"collection":[{"href":"https:\/\/www.brics-shop.online\/index.php?rest_route=\/wp\/v2\/product"}],"about":[{"href":"https:\/\/www.brics-shop.online\/index.php?rest_route=\/wp\/v2\/types\/product"}],"replies":[{"embeddable":true,"href":"https:\/\/www.brics-shop.online\/index.php?rest_route=%2Fwp%2Fv2%2Fcomments&post=205"}],"wp:featuredmedia":[{"embeddable":true,"href":"https:\/\/www.brics-shop.online\/index.php?rest_route=\/wp\/v2\/media\/91"}],"wp:attachment":[{"href":"https:\/\/www.brics-shop.online\/index.php?rest_route=%2Fwp%2Fv2%2Fmedia&parent=205"}],"wp:term":[{"taxonomy":"product_cat","embeddable":true,"href":"https:\/\/www.brics-shop.online\/index.php?rest_route=%2Fwp%2Fv2%2Fproduct_cat&post=205"},{"taxonomy":"product_tag","embeddable":true,"href":"https:\/\/www.brics-shop.online\/index.php?rest_route=%2Fwp%2Fv2%2Fproduct_tag&post=205"}],"curies":[{"name":"wp","href":"https:\/\/api.w.org\/{rel}","templated":true}]}}