{"id":221,"date":"2024-12-06T18:56:20","date_gmt":"2024-12-06T18:56:20","guid":{"rendered":"https:\/\/www.brics-shop.online\/?post_type=product&#038;p=221"},"modified":"2024-12-06T20:04:06","modified_gmt":"2024-12-06T20:04:06","slug":"piezoelektricky-zapalovac-diferend","status":"publish","type":"product","link":"https:\/\/www.brics-shop.online\/?product=piezoelektricky-zapalovac-diferend","title":{"rendered":"Piezoelektrick\u00fd zapa\u013eova\u010d DiferenD"},"content":{"rendered":"<p>Ak z\u00e1sielka bude obsahova\u0165 produkt s potla\u010dou logom DiferenD pribal\u00edme v\u00e1m CD DiferenD <span style=\"color: #ff0000;\">zdarma<\/span> v z\u00e1sielke.<\/p>\n","protected":false},"excerpt":{"rendered":"<p>Piezoelektrick\u00fd zapa\u013eova\u010d<\/p>\n","protected":false},"featured_media":104,"comment_status":"open","ping_status":"closed","template":"","meta":[],"product_cat":[30],"product_tag":[33],"class_list":{"0":"post-221","1":"product","2":"type-product","3":"status-publish","4":"has-post-thumbnail","6":"product_cat-diferend-merch","7":"product_tag-cierna","9":"first","10":"instock","11":"shipping-taxable","12":"purchasable","13":"product-type-simple"},"_links":{"self":[{"href":"https:\/\/www.brics-shop.online\/index.php?rest_route=\/wp\/v2\/product\/221","targetHints":{"allow":["GET"]}}],"collection":[{"href":"https:\/\/www.brics-shop.online\/index.php?rest_route=\/wp\/v2\/product"}],"about":[{"href":"https:\/\/www.brics-shop.online\/index.php?rest_route=\/wp\/v2\/types\/product"}],"replies":[{"embeddable":true,"href":"https:\/\/www.brics-shop.online\/index.php?rest_route=%2Fwp%2Fv2%2Fcomments&post=221"}],"wp:featuredmedia":[{"embeddable":true,"href":"https:\/\/www.brics-shop.online\/index.php?rest_route=\/wp\/v2\/media\/104"}],"wp:attachment":[{"href":"https:\/\/www.brics-shop.online\/index.php?rest_route=%2Fwp%2Fv2%2Fmedia&parent=221"}],"wp:term":[{"taxonomy":"product_cat","embeddable":true,"href":"https:\/\/www.brics-shop.online\/index.php?rest_route=%2Fwp%2Fv2%2Fproduct_cat&post=221"},{"taxonomy":"product_tag","embeddable":true,"href":"https:\/\/www.brics-shop.online\/index.php?rest_route=%2Fwp%2Fv2%2Fproduct_tag&post=221"}],"curies":[{"name":"wp","href":"https:\/\/api.w.org\/{rel}","templated":true}]}}