{"id":242,"date":"2024-12-07T17:07:34","date_gmt":"2024-12-07T17:07:34","guid":{"rendered":"https:\/\/www.brics-shop.online\/?post_type=product&#038;p=242"},"modified":"2024-12-07T17:07:34","modified_gmt":"2024-12-07T17:07:34","slug":"hrncek-diferend","status":"publish","type":"product","link":"https:\/\/www.brics-shop.online\/?product=hrncek-diferend","title":{"rendered":"Hrn\u010dek DiferenD"},"content":{"rendered":"<p>Ak z\u00e1sielka bude obsahova\u0165 produkt s potla\u010dou logom DiferenD pribal\u00edme v\u00e1m CD DiferenD <span style=\"color: #ff0000;\">zdarma<\/span> v z\u00e1sielke.<\/p>\n","protected":false},"excerpt":{"rendered":"<p>Keramick\u00fd hrn\u010dek bielo-\u010dierny s potla\u010dou loga DiferenD . Objem hrn\u010deka je 350 ml.<\/p>\n","protected":false},"featured_media":243,"comment_status":"open","ping_status":"closed","template":"","meta":[],"product_cat":[30],"product_tag":[],"class_list":{"0":"post-242","1":"product","2":"type-product","3":"status-publish","4":"has-post-thumbnail","6":"product_cat-diferend-merch","8":"first","9":"instock","10":"shipping-taxable","11":"purchasable","12":"product-type-simple"},"_links":{"self":[{"href":"https:\/\/www.brics-shop.online\/index.php?rest_route=\/wp\/v2\/product\/242","targetHints":{"allow":["GET"]}}],"collection":[{"href":"https:\/\/www.brics-shop.online\/index.php?rest_route=\/wp\/v2\/product"}],"about":[{"href":"https:\/\/www.brics-shop.online\/index.php?rest_route=\/wp\/v2\/types\/product"}],"replies":[{"embeddable":true,"href":"https:\/\/www.brics-shop.online\/index.php?rest_route=%2Fwp%2Fv2%2Fcomments&post=242"}],"wp:featuredmedia":[{"embeddable":true,"href":"https:\/\/www.brics-shop.online\/index.php?rest_route=\/wp\/v2\/media\/243"}],"wp:attachment":[{"href":"https:\/\/www.brics-shop.online\/index.php?rest_route=%2Fwp%2Fv2%2Fmedia&parent=242"}],"wp:term":[{"taxonomy":"product_cat","embeddable":true,"href":"https:\/\/www.brics-shop.online\/index.php?rest_route=%2Fwp%2Fv2%2Fproduct_cat&post=242"},{"taxonomy":"product_tag","embeddable":true,"href":"https:\/\/www.brics-shop.online\/index.php?rest_route=%2Fwp%2Fv2%2Fproduct_tag&post=242"}],"curies":[{"name":"wp","href":"https:\/\/api.w.org\/{rel}","templated":true}]}}