{"id":247,"date":"2024-12-08T16:54:13","date_gmt":"2024-12-08T16:54:13","guid":{"rendered":"https:\/\/www.brics-shop.online\/?post_type=product&#038;p=247"},"modified":"2024-12-08T16:54:13","modified_gmt":"2024-12-08T16:54:13","slug":"siltovka-army-diferend","status":"publish","type":"product","link":"https:\/\/www.brics-shop.online\/?product=siltovka-army-diferend","title":{"rendered":"\u0160iltovka Army DiferenD"},"content":{"rendered":"<p>Ak z\u00e1sielka bude obsahova\u0165 produkt s potla\u010dou logom DiferenD pribal\u00edme v\u00e1m CD DiferenD <span style=\"color: #ff0000;\">zdarma<\/span> v z\u00e1sielke.<\/p>\n","protected":false},"excerpt":{"rendered":"<p>\u010cierna bavlnen\u00e1 \u0161iltovka Army, pozd\u013a\u017ene \u0161vy dookola, vetracie otvory, zap\u00ednanie na such\u00fd zips.<\/p>\n","protected":false},"featured_media":248,"comment_status":"open","ping_status":"closed","template":"","meta":[],"product_cat":[30],"product_tag":[],"class_list":{"0":"post-247","1":"product","2":"type-product","3":"status-publish","4":"has-post-thumbnail","6":"product_cat-diferend-merch","8":"first","9":"instock","10":"shipping-taxable","11":"purchasable","12":"product-type-simple"},"_links":{"self":[{"href":"https:\/\/www.brics-shop.online\/index.php?rest_route=\/wp\/v2\/product\/247","targetHints":{"allow":["GET"]}}],"collection":[{"href":"https:\/\/www.brics-shop.online\/index.php?rest_route=\/wp\/v2\/product"}],"about":[{"href":"https:\/\/www.brics-shop.online\/index.php?rest_route=\/wp\/v2\/types\/product"}],"replies":[{"embeddable":true,"href":"https:\/\/www.brics-shop.online\/index.php?rest_route=%2Fwp%2Fv2%2Fcomments&post=247"}],"wp:featuredmedia":[{"embeddable":true,"href":"https:\/\/www.brics-shop.online\/index.php?rest_route=\/wp\/v2\/media\/248"}],"wp:attachment":[{"href":"https:\/\/www.brics-shop.online\/index.php?rest_route=%2Fwp%2Fv2%2Fmedia&parent=247"}],"wp:term":[{"taxonomy":"product_cat","embeddable":true,"href":"https:\/\/www.brics-shop.online\/index.php?rest_route=%2Fwp%2Fv2%2Fproduct_cat&post=247"},{"taxonomy":"product_tag","embeddable":true,"href":"https:\/\/www.brics-shop.online\/index.php?rest_route=%2Fwp%2Fv2%2Fproduct_tag&post=247"}],"curies":[{"name":"wp","href":"https:\/\/api.w.org\/{rel}","templated":true}]}}